{"id":664,"date":"2019-05-09T20:43:09","date_gmt":"2019-05-09T20:43:09","guid":{"rendered":"https:\/\/construction.grsavoiearchitectes.ca\/?page_id=664"},"modified":"2019-05-13T17:59:47","modified_gmt":"2019-05-13T17:59:47","slug":"succursale-de-la-caisse-populaire-desjardins","status":"publish","type":"page","link":"https:\/\/grsavoiearchitectes.ca\/www.grsavoiearchitectes.ca\/Accueil.html\/?page_id=664","title":{"rendered":"SUCCURSALE DE LA CAISSE POPULAIRE DESJARDINS"},"content":{"rendered":"\t\t<div data-elementor-type=\"wp-post\" data-elementor-id=\"664\" class=\"elementor elementor-664\">\n\t\t\t\t\t\t<section class=\"elementor-section elementor-top-section elementor-element elementor-element-e00eeee elementor-section-boxed elementor-section-height-default elementor-section-height-default\" data-id=\"e00eeee\" data-element_type=\"section\">\n\t\t\t\t\t\t<div class=\"elementor-container elementor-column-gap-default\">\n\t\t\t\t\t<div class=\"elementor-column elementor-col-100 elementor-top-column elementor-element elementor-element-8bc8abb\" data-id=\"8bc8abb\" data-element_type=\"column\">\n\t\t\t<div class=\"elementor-widget-wrap elementor-element-populated\">\n\t\t\t\t\t\t<div class=\"elementor-element elementor-element-07887cd elementor-widget elementor-widget-spacer\" data-id=\"07887cd\" data-element_type=\"widget\" data-widget_type=\"spacer.default\">\n\t\t\t\t<div class=\"elementor-widget-container\">\n\t\t\t\t\t\t\t<div class=\"elementor-spacer\">\n\t\t\t<div class=\"elementor-spacer-inner\"><\/div>\n\t\t<\/div>\n\t\t\t\t\t\t<\/div>\n\t\t\t\t<\/div>\n\t\t\t\t\t<\/div>\n\t\t<\/div>\n\t\t\t\t\t<\/div>\n\t\t<\/section>\n\t\t\t\t<section class=\"elementor-section elementor-top-section elementor-element elementor-element-ef5fa44 elementor-section-boxed elementor-section-height-default elementor-section-height-default\" data-id=\"ef5fa44\" data-element_type=\"section\">\n\t\t\t\t\t\t<div class=\"elementor-container elementor-column-gap-default\">\n\t\t\t\t\t<div class=\"elementor-column elementor-col-100 elementor-top-column elementor-element elementor-element-00b7e59\" data-id=\"00b7e59\" data-element_type=\"column\">\n\t\t\t<div class=\"elementor-widget-wrap elementor-element-populated\">\n\t\t\t\t\t\t<div class=\"elementor-element elementor-element-f360de3 elementor-widget elementor-widget-heading\" data-id=\"f360de3\" data-element_type=\"widget\" data-widget_type=\"heading.default\">\n\t\t\t\t<div class=\"elementor-widget-container\">\n\t\t\t\t\t<h2 class=\"elementor-heading-title elementor-size-default\">SUCCURSALE DE LA CAISSE POPULAIRE DESJARDINS<\/h2>\t\t\t\t<\/div>\n\t\t\t\t<\/div>\n\t\t\t\t\t<\/div>\n\t\t<\/div>\n\t\t\t\t\t<\/div>\n\t\t<\/section>\n\t\t\t\t<section class=\"elementor-section elementor-top-section elementor-element elementor-element-6999192 elementor-section-boxed elementor-section-height-default elementor-section-height-default\" data-id=\"6999192\" data-element_type=\"section\">\n\t\t\t\t\t\t<div class=\"elementor-container elementor-column-gap-default\">\n\t\t\t\t\t<div class=\"elementor-column elementor-col-100 elementor-top-column elementor-element elementor-element-899b625\" data-id=\"899b625\" data-element_type=\"column\">\n\t\t\t<div class=\"elementor-widget-wrap elementor-element-populated\">\n\t\t\t\t\t\t<div class=\"elementor-element elementor-element-120217e elementor-widget__width-inherit elementor-widget elementor-widget-image\" data-id=\"120217e\" data-element_type=\"widget\" data-widget_type=\"image.default\">\n\t\t\t\t<div class=\"elementor-widget-container\">\n\t\t\t\t\t\t\t\t\t\t\t\t\t\t\t<img fetchpriority=\"high\" decoding=\"async\" width=\"1024\" height=\"1007\" src=\"https:\/\/grsavoiearchitectes.ca\/wp-content\/uploads\/2019\/05\/caisse-pop-A.jpg\" class=\"attachment-full size-full wp-image-837\" alt=\"\" srcset=\"https:\/\/grsavoiearchitectes.ca\/wp-content\/uploads\/2019\/05\/caisse-pop-A.jpg 1024w, https:\/\/grsavoiearchitectes.ca\/wp-content\/uploads\/2019\/05\/caisse-pop-A-300x295.jpg 300w, https:\/\/grsavoiearchitectes.ca\/wp-content\/uploads\/2019\/05\/caisse-pop-A-768x755.jpg 768w\" sizes=\"(max-width: 1024px) 100vw, 1024px\" \/>\t\t\t\t\t\t\t\t\t\t\t\t\t\t\t<\/div>\n\t\t\t\t<\/div>\n\t\t\t\t\t<\/div>\n\t\t<\/div>\n\t\t\t\t\t<\/div>\n\t\t<\/section>\n\t\t\t\t<section class=\"elementor-section elementor-top-section elementor-element elementor-element-0551ef9 elementor-section-boxed elementor-section-height-default elementor-section-height-default\" data-id=\"0551ef9\" data-element_type=\"section\">\n\t\t\t\t\t\t<div class=\"elementor-container elementor-column-gap-default\">\n\t\t\t\t\t<div class=\"elementor-column elementor-col-33 elementor-top-column elementor-element elementor-element-c2ef13f\" data-id=\"c2ef13f\" data-element_type=\"column\">\n\t\t\t<div class=\"elementor-widget-wrap elementor-element-populated\">\n\t\t\t\t\t\t<div class=\"elementor-element elementor-element-f03767f elementor-widget elementor-widget-text-editor\" data-id=\"f03767f\" data-element_type=\"widget\" data-widget_type=\"text-editor.default\">\n\t\t\t\t<div class=\"elementor-widget-container\">\n\t\t\t\t\t\t\t\t\t<p>Type de projet:<\/p><p><span style=\"font-size: 15px;\">Cat\u00e9gorie:<\/span><\/p><p>Emplacement:<\/p><p>Client:<\/p><p><span style=\"font-size: 15px; font-style: normal; font-weight: 400;\">Avancement:<\/span><\/p><p><span style=\"font-size: 15px;\">Description:<\/span><\/p>\t\t\t\t\t\t\t\t<\/div>\n\t\t\t\t<\/div>\n\t\t\t\t\t<\/div>\n\t\t<\/div>\n\t\t\t\t<div class=\"elementor-column elementor-col-66 elementor-top-column elementor-element elementor-element-0f7c39e\" data-id=\"0f7c39e\" data-element_type=\"column\">\n\t\t\t<div class=\"elementor-widget-wrap elementor-element-populated\">\n\t\t\t\t\t\t<div class=\"elementor-element elementor-element-4a6a737 elementor-widget elementor-widget-text-editor\" data-id=\"4a6a737\" data-element_type=\"widget\" data-widget_type=\"text-editor.default\">\n\t\t\t\t<div class=\"elementor-widget-container\">\n\t\t\t\t\t\t\t\t\t<p>Agrandissement, r\u00e9fection et r\u00e9am\u00e9nagement<\/p><p>Commercial<\/p><p>Otterburn Park<\/p><p>Caisse Populaire Desjardins<\/p><p>R\u00e9alis\u00e9<\/p><p>Projet d\u2019agrandissement de la caisse populaire, r\u00e9am\u00e9nagement complet et r\u00e9novation du b\u00e2timent.<\/p>\t\t\t\t\t\t\t\t<\/div>\n\t\t\t\t<\/div>\n\t\t\t\t\t<\/div>\n\t\t<\/div>\n\t\t\t\t\t<\/div>\n\t\t<\/section>\n\t\t\t\t<section class=\"elementor-section elementor-top-section elementor-element elementor-element-a10d9e5 elementor-section-boxed elementor-section-height-default elementor-section-height-default\" data-id=\"a10d9e5\" data-element_type=\"section\">\n\t\t\t\t\t\t<div class=\"elementor-container elementor-column-gap-default\">\n\t\t\t\t\t<div class=\"elementor-column elementor-col-100 elementor-top-column elementor-element elementor-element-5ac9a34\" data-id=\"5ac9a34\" data-element_type=\"column\">\n\t\t\t<div class=\"elementor-widget-wrap elementor-element-populated\">\n\t\t\t\t\t\t\t<\/div>\n\t\t<\/div>\n\t\t\t\t\t<\/div>\n\t\t<\/section>\n\t\t\t\t<section class=\"elementor-section elementor-top-section elementor-element elementor-element-199ab7a elementor-section-boxed elementor-section-height-default elementor-section-height-default\" data-id=\"199ab7a\" data-element_type=\"section\">\n\t\t\t\t\t\t<div class=\"elementor-container elementor-column-gap-default\">\n\t\t\t\t\t<div class=\"elementor-column elementor-col-50 elementor-top-column elementor-element elementor-element-286fe4c\" data-id=\"286fe4c\" data-element_type=\"column\">\n\t\t\t<div class=\"elementor-widget-wrap\">\n\t\t\t\t\t\t\t<\/div>\n\t\t<\/div>\n\t\t\t\t<div class=\"elementor-column elementor-col-50 elementor-top-column elementor-element elementor-element-e5bfa3a\" data-id=\"e5bfa3a\" data-element_type=\"column\">\n\t\t\t<div class=\"elementor-widget-wrap\">\n\t\t\t\t\t\t\t<\/div>\n\t\t<\/div>\n\t\t\t\t\t<\/div>\n\t\t<\/section>\n\t\t\t\t<\/div>\n\t\t","protected":false},"excerpt":{"rendered":"<p>SUCCURSALE DE LA CAISSE POPULAIRE DESJARDINS Type de projet: Cat\u00e9gorie: Emplacement: Client: Avancement: Description: Agrandissement, r\u00e9fection et r\u00e9am\u00e9nagement Commercial Otterburn Park Caisse Populaire Desjardins R\u00e9alis\u00e9 Projet d\u2019agrandissement de la caisse populaire, r\u00e9am\u00e9nagement complet et r\u00e9novation du b\u00e2timent. PROJET PR\u00c9C\u00c9DENT PROJET SUIVANT<\/p>\n","protected":false},"author":1,"featured_media":0,"parent":100,"menu_order":0,"comment_status":"closed","ping_status":"closed","template":"","meta":{"site-sidebar-layout":"no-sidebar","site-content-layout":"page-builder","ast-site-content-layout":"default","site-content-style":"default","site-sidebar-style":"default","ast-global-header-display":"","ast-banner-title-visibility":"","ast-main-header-display":"","ast-hfb-above-header-display":"","ast-hfb-below-header-display":"","ast-hfb-mobile-header-display":"","site-post-title":"disabled","ast-breadcrumbs-content":"","ast-featured-img":"disabled","footer-sml-layout":"","theme-transparent-header-meta":"default","adv-header-id-meta":"","stick-header-meta":"","header-above-stick-meta":"","header-main-stick-meta":"","header-below-stick-meta":"","astra-migrate-meta-layouts":"default","ast-page-background-enabled":"default","ast-page-background-meta":{"desktop":{"background-color":"var(--ast-global-color-4)","background-image":"","background-repeat":"repeat","background-position":"center center","background-size":"auto","background-attachment":"scroll","background-type":"","background-media":"","overlay-type":"","overlay-color":"","overlay-opacity":"","overlay-gradient":""},"tablet":{"background-color":"","background-image":"","background-repeat":"repeat","background-position":"center center","background-size":"auto","background-attachment":"scroll","background-type":"","background-media":"","overlay-type":"","overlay-color":"","overlay-opacity":"","overlay-gradient":""},"mobile":{"background-color":"","background-image":"","background-repeat":"repeat","background-position":"center center","background-size":"auto","background-attachment":"scroll","background-type":"","background-media":"","overlay-type":"","overlay-color":"","overlay-opacity":"","overlay-gradient":""}},"ast-content-background-meta":{"desktop":{"background-color":"var(--ast-global-color-5)","background-image":"","background-repeat":"repeat","background-position":"center center","background-size":"auto","background-attachment":"scroll","background-type":"","background-media":"","overlay-type":"","overlay-color":"","overlay-opacity":"","overlay-gradient":""},"tablet":{"background-color":"var(--ast-global-color-5)","background-image":"","background-repeat":"repeat","background-position":"center center","background-size":"auto","background-attachment":"scroll","background-type":"","background-media":"","overlay-type":"","overlay-color":"","overlay-opacity":"","overlay-gradient":""},"mobile":{"background-color":"var(--ast-global-color-5)","background-image":"","background-repeat":"repeat","background-position":"center center","background-size":"auto","background-attachment":"scroll","background-type":"","background-media":"","overlay-type":"","overlay-color":"","overlay-opacity":"","overlay-gradient":""}},"footnotes":""},"class_list":["post-664","page","type-page","status-publish","hentry"],"_links":{"self":[{"href":"https:\/\/grsavoiearchitectes.ca\/www.grsavoiearchitectes.ca\/Accueil.html\/index.php?rest_route=\/wp\/v2\/pages\/664","targetHints":{"allow":["GET"]}}],"collection":[{"href":"https:\/\/grsavoiearchitectes.ca\/www.grsavoiearchitectes.ca\/Accueil.html\/index.php?rest_route=\/wp\/v2\/pages"}],"about":[{"href":"https:\/\/grsavoiearchitectes.ca\/www.grsavoiearchitectes.ca\/Accueil.html\/index.php?rest_route=\/wp\/v2\/types\/page"}],"author":[{"embeddable":true,"href":"https:\/\/grsavoiearchitectes.ca\/www.grsavoiearchitectes.ca\/Accueil.html\/index.php?rest_route=\/wp\/v2\/users\/1"}],"replies":[{"embeddable":true,"href":"https:\/\/grsavoiearchitectes.ca\/www.grsavoiearchitectes.ca\/Accueil.html\/index.php?rest_route=%2Fwp%2Fv2%2Fcomments&post=664"}],"version-history":[{"count":6,"href":"https:\/\/grsavoiearchitectes.ca\/www.grsavoiearchitectes.ca\/Accueil.html\/index.php?rest_route=\/wp\/v2\/pages\/664\/revisions"}],"predecessor-version":[{"id":838,"href":"https:\/\/grsavoiearchitectes.ca\/www.grsavoiearchitectes.ca\/Accueil.html\/index.php?rest_route=\/wp\/v2\/pages\/664\/revisions\/838"}],"up":[{"embeddable":true,"href":"https:\/\/grsavoiearchitectes.ca\/www.grsavoiearchitectes.ca\/Accueil.html\/index.php?rest_route=\/wp\/v2\/pages\/100"}],"wp:attachment":[{"href":"https:\/\/grsavoiearchitectes.ca\/www.grsavoiearchitectes.ca\/Accueil.html\/index.php?rest_route=%2Fwp%2Fv2%2Fmedia&parent=664"}],"curies":[{"name":"wp","href":"https:\/\/api.w.org\/{rel}","templated":true}]}}